{"id":878,"date":"2021-07-20T10:59:15","date_gmt":"2021-07-20T08:59:15","guid":{"rendered":"https:\/\/www.michelenaylecuona.com\/?page_id=878"},"modified":"2021-09-01T09:01:39","modified_gmt":"2021-09-01T07:01:39","slug":"pribatutasun-politika","status":"publish","type":"page","link":"https:\/\/www.michelenaylecuona.com\/eu\/pribatutasun-politika\/","title":{"rendered":"Pribatutasun-politika"},"content":{"rendered":"<p>[et_pb_section fb_built=&#8221;1&#8243; admin_label=&#8221;Header Section&#8221; _builder_version=&#8221;4.9.4&#8243; use_background_color_gradient=&#8221;on&#8221; background_color_gradient_start=&#8221;#e9f0f6&#8243; background_color_gradient_end=&#8221;rgba(233,240,246,0.2)&#8221; background_color_gradient_overlays_image=&#8221;on&#8221; background_image=&#8221;https:\/\/www.michelenaylecuona.com\/wp-content\/uploads\/2021\/06\/cabecera-textos-legales.jpg&#8221; custom_padding=&#8221;10%||20%|&#8221;][et_pb_row custom_padding_last_edited=&#8221;off|desktop&#8221; admin_label=&#8221;Header Row&#8221; _builder_version=&#8221;3.25&#8243; custom_margin=&#8221;|||&#8221; custom_padding=&#8221;|||&#8221; custom_padding_phone=&#8221;3vw|||&#8221;][et_pb_column type=&#8221;4_4&#8243; _builder_version=&#8221;3.25&#8243; custom_padding=&#8221;|||&#8221; custom_padding__hover=&#8221;|||&#8221;][et_pb_text admin_label=&#8221;Heading &#038; Subheading&#8221; _builder_version=&#8221;4.9.4&#8243; text_font=&#8221;Muli|600|||||||&#8221; text_font_size=&#8221;18px&#8221; text_line_height=&#8221;1.8em&#8221; header_font=&#8221;Muli|700|||||||&#8221; header_font_size=&#8221;65px&#8221; header_line_height=&#8221;1.4em&#8221; header_2_font=&#8221;||||||||&#8221; text_orientation=&#8221;center&#8221; max_width=&#8221;800px&#8221; max_width_last_edited=&#8221;off|desktop&#8221; module_alignment=&#8221;center&#8221; custom_margin=&#8221;|||&#8221; custom_padding=&#8221;|||&#8221; custom_padding_last_edited=&#8221;off|desktop&#8221; animation_style=&#8221;fade&#8221;]<\/p>\n<h1>Pol\u00edtica de privacidad<\/h1>\n<p>[\/et_pb_text][\/et_pb_column][\/et_pb_row][\/et_pb_section][et_pb_section fb_built=&#8221;1&#8243; admin_label=&#8221;Contact Section&#8221; _builder_version=&#8221;3.22&#8243; background_color=&#8221;#e9f0f6&#8243; custom_padding=&#8221;54px|0px|100px|0px&#8221;][et_pb_row _builder_version=&#8221;4.9.4&#8243; _module_preset=&#8221;default&#8221;][et_pb_column type=&#8221;4_4&#8243; _builder_version=&#8221;4.9.4&#8243; _module_preset=&#8221;default&#8221;][et_pb_text _builder_version=&#8221;4.9.4&#8243; _module_preset=&#8221;default&#8221; text_font_size=&#8221;16px&#8221; header_3_font=&#8221;|600|||||||&#8221; header_3_font_size=&#8221;25px&#8221; header_3_line_height=&#8221;1.4em&#8221; text_orientation=&#8221;justified&#8221; hover_enabled=&#8221;0&#8243; sticky_enabled=&#8221;0&#8243;]<\/p>\n<h3>Responsable \u2013 \u00bfqui\u00e9n es el responsable del tratamiento de los datos?<\/h3>\n<p><strong>Identidad:<\/strong> Construcciones Michelena Y Lecuona Sucesores S.L.<br \/><strong>Domicilio social:<\/strong> Plaza de la Diputaci\u00f3n n\u00ba 1, Bajo, 20100, Errenteria, Gipuzkoa<br \/><strong>CIF:<\/strong> B20712147<br \/><strong>Tel\u00e9fono:<\/strong> 943 513 089<br \/><strong>Correo Electr\u00f3nico:<\/strong> info@michelenaylecuona.com<br \/><strong>Contacto:<\/strong> Juan Ramon Michelena<br \/><strong>Nombre del dominio:<\/strong> michelenaylecuona.com<\/p>\n<h3>Finalidades \u2013 \u00bfcon qu\u00e9 finalidades tratamos tus datos?<\/h3>\n<p>En cumplimiento de lo dispuesto en el Reglamento Europeo 2016\/679 General de Protecci\u00f3n de Datos, te informamos de que trataremos los datos que nos facilitas para:<\/p>\n<ul>\n<li>Construcciones Michelena y Lecuona Sucesores, SL, como responsable del tratamiento, tratar\u00e1 sus Datos Personales con finalidad de gestionar la venta de Inmuebles de su propiedad a sus clientes. Adem\u00e1s, una vez efectuada la venta sus datos ser\u00e1n tratados para el servicio de Postventa y gesti\u00f3n de incidencias, ofrecido por Construcciones Michelena y Lecuona Sucesores, SL.<\/li>\n<li>Asimismo, los datos podr\u00e1n ser cedidos a distintas entidades bancarias con la finalidad de que estas puedan contactarle para que puedan subrogarse, si se quiere, al pr\u00e9stamo promotor que oferten.<\/li>\n<li>Se informa al cliente que s\u00f3lo se ceder\u00e1n sus datos a un tercero cuando el servicio de Posventa implique a un tercero, como pueden ser distintos gremios. Adem\u00e1s, se informa de que la informaci\u00f3n personal cedida al tercero se limita a la informaci\u00f3n estrictamente necesaria para proporcionar el servicio y les exigimos que no utilicen los datos personales para ning\u00fan otro prop\u00f3sito.<\/li>\n<li>Adem\u00e1s, si es necesario, Construcciones Michelena y Lecuona Sucesores, SL har\u00e1 uso de sus datos personales para dar cumplimiento a la Ley 10\/2010, de 28 de abril, de prevenci\u00f3n del blanqueo de capitales y de la financiaci\u00f3n del terrorismo, de obligado cumplimiento.<\/li>\n<\/ul>\n<h3>Categor\u00edas de datos \u2013 \u00bfQu\u00e9 datos tratamos?<\/h3>\n<p>Derivada de las finalidades antes mencionadas, en Construcciones Michelena Y Lecuona Sucesores S.L. gestionamos las siguientes categor\u00edas de datos:<\/p>\n<ul>\n<li>Datos identificativos<\/li>\n<li>Metadatos de comunicaciones electr\u00f3nicas<\/li>\n<li>Datos de informaci\u00f3n comercial. En caso de que el usuario facilite datos de terceros, manifiesta contar con el consentimiento de estos y se compromete a trasladarle la informaci\u00f3n contenida en esta cl\u00e1usula, eximiendo a Construcciones Michelena Y Lecuona Sucesores S.L. de cualquier responsabilidad en este sentido.<\/li>\n<li>No obstante, Construcciones Michelena Y Lecuona Sucesores S.L. podr\u00e1 llevar a cabo las verificaciones para constatar este hecho, adoptando las medidas de diligencia debida que correspondan, conforme a la normativa de protecci\u00f3n de datos.<\/li>\n<\/ul>\n<h3>Legitimaci\u00f3n \u2013 \u00bfcu\u00e1l es la legitimaci\u00f3n para el tratamiento de tus datos?<\/h3>\n<p>El tratamiento de datos cuyo fin es el env\u00edo de boletines peri\u00f3dicos (newslettering) sobre servicios, eventos y noticias relacionadas con nuestra actividad profesional se basa en el consentimiento del interesado, solicitado expresamente para llevar a cabo dichos tratamientos, de acuerdo con la normativa vigente.<br \/>Adem\u00e1s, la legitimaci\u00f3n para el tratamiento de los datos relacionados con ofertas o colaboraciones se basan en el consentimiento del usuario que remite sus datos, que puede retirar en cualquier momento, si bien ello puede afectar a la posible comunicaci\u00f3n de forma fluida y obstrucci\u00f3n de procesos que desea realizar.<br \/>Por \u00faltimo, los datos se podr\u00e1n utilizar para dar cumplimiento a las obligaciones legales aplicables a Construcciones Michelena Y Lecuona Sucesores S.L.<\/p>\n<h3>Plazo de Conservaci\u00f3n de los Datos \u2013 \u00bfPor cu\u00e1nto tiempo conservaremos tus datos?<\/h3>\n<p>Construcciones Michelena Y Lecuona Sucesores S.L. conservar\u00e1 los datos personales de los usuarios \u00fanicamente durante el tiempo necesario para la realizaci\u00f3n de las finalidades para las que fueron recogidos, mientras no revoque los consentimientos otorgados. Posteriormente, en caso de ser necesario, mantendr\u00e1 la informaci\u00f3n bloqueada durante los plazos legalmente establecidos.<\/p>\n<h3>Destinatarios \u00bfA qu\u00e9 destinatarios se comunicar\u00e1n tus datos?<\/h3>\n<p>Tus datos podr\u00e1n ser accedidos por aquellos proveedores que prestan servicios a Construcciones Michelena Y Lecuona Sucesores S.L., tales como servicios de alojamiento, herramientas de marketing y sistemas de contenido u otros profesionales, cuando dicha comunicaci\u00f3n sea necesaria normativamente, o para la ejecuci\u00f3n de los servicios contratados.<\/p>\n<p>Construcciones Michelena Y Lecuona Sucesores S.L., ha suscrito los correspondientes contratos de encargo de tratamiento con cada uno de los proveedores que prestan servicios a Construcciones Michelena Y Lecuona Sucesores S.L., con el objetivo de garantizar que dichos proveedores tratar\u00e1n tus datos de conformidad con lo establecido en la legislaci\u00f3n vigente.<\/p>\n<p>Tambi\u00e9n podr\u00e1n ser cedidos a las Fuerzas y Cuerpos de Seguridad del Estado en los casos que exista una obligaci\u00f3n legal.<\/p>\n<p>Bancos y entidades financieras, para el cobro de los servicios.<br \/>Administraciones p\u00fablicas con competencia en los sectores de actividad, cuando as\u00ed lo establezca la normativa vigente.<\/p>\n<h3>Seguridad de la Informaci\u00f3n \u2013 \u00bfQu\u00e9 medidas de seguridad implantamos para cuidar sus datos?<\/h3>\n<p>Para proteger las diferentes tipolog\u00edas de datos reflejados en esta pol\u00edtica de privacidad llevar\u00e1 a cabo las medidas de seguridad t\u00e9cnicas necesarias para evitar su p\u00e9rdida, manipulaci\u00f3n, difusi\u00f3n o alteraci\u00f3n.<\/p>\n<ul>\n<li>Encriptaci\u00f3n de las comunicaciones entre el dispositivo del usuario y los servidores de Construcciones Michelena Y Lecuona Sucesores S.L.<\/li>\n<li>Encriptaci\u00f3n de la informaci\u00f3n en los propios servidores de Construcciones Michelena Y Lecuona Sucesores S.L.<\/li>\n<li>Otras medidas que eviten el acceso a los datos del usuario por parte de terceros.<\/li>\n<li>En aquellos casos en los que Construcciones Michelena Y Lecuona Sucesores S.L. cuente con prestadores de servicio para el mantenimiento de la plataforma que se encuentren fuera de la Uni\u00f3n Europea, estas trasferencias internacionales se hayan regularizadas atendiendo al compromiso de Construcciones Michelena Y Lecuona Sucesores S.L. con la protecci\u00f3n, integridad y seguridad de los datos personales de los usuarios.<\/li>\n<\/ul>\n<h3>Derechos \u2013 \u00bfCu\u00e1les son tus derechos cuando nos facilitas tus datos y c\u00f3mo puedes ejercerlos?<\/h3>\n<p>Tienes derecho a obtener confirmaci\u00f3n sobre si en Construcciones Michelena Y Lecuona Sucesores S.L. estamos tratando datos personales que te conciernan, o no.<br \/>Asimismo, tienes derecho a acceder a tus datos personales, as\u00ed como a solicitar la rectificaci\u00f3n de los datos inexactos o, en su caso, solicitar su supresi\u00f3n cuando, entre otros motivos, los datos ya no sean necesarios para los fines que fueron recogidos.<\/p>\n<p>En determinadas circunstancias, podr\u00e1s solicitar la limitaci\u00f3n del tratamiento de tus datos, en cuyo caso \u00fanicamente los conservaremos para el ejercicio o la defensa de reclamaciones.<br \/>En determinadas circunstancias y por motivos relacionados con tu situaci\u00f3n particular, podr\u00e1s oponerte al tratamiento de tus datos. Construcciones Michelena Y Lecuona Sucesores S.L. dejar\u00e1 de tratar los datos, salvo por motivos leg\u00edtimos imperiosos, o el ejercicio o la defensa de posibles reclamaciones.<\/p>\n<p>Asimismo, puedes ejercer el derecho a la portabilidad de los datos, as\u00ed como retirar los consentimientos facilitados en cualquier momento, sin que ello afecte a la licitud del tratamiento basado en el consentimiento previo a su retirada.<\/p>\n<p>Si deseas hacer uso de cualquiera de tus derechos puede dirigirse a <a href=\"mailto:info@michelenaylecuona.com\">info@michelenaylecuona.com.<\/a><\/p>\n<p>Por \u00faltimo, te informamos que puedes dirigirte ante la Agencia Espa\u00f1ola de Protecci\u00f3n de Datos y dem\u00e1s organismos p\u00fablicos competentes para cualquier reclamaci\u00f3n derivada del tratamiento de tus datos personales.<\/p>\n<h3>Modificaci\u00f3n de la pol\u00edtica de privacidad<\/h3>\n<p>Construcciones Michelena Y Lecuona Sucesores S.L. podr\u00e1 modificar la presente Pol\u00edtica de Privacidad en cualquier momento, siendo publicadas las sucesivas versiones en el Sitio Web. En cualquier caso, Construcciones Michelena Y Lecuona Sucesores S.L. comunicar\u00e1 con previo aviso las modificaciones de la presente pol\u00edtica que afecten a los usuarios a fin de que puedan aceptar las mismas.<\/p>\n<p>La presente Pol\u00edtica de Privacidad se encuentra actualizada a fecha 16\/06\/2021 Construcciones Michelena Y Lecuona Sucesores S.L. (Espa\u00f1a). Reservados todos los derechos.<\/p>\n<p>Si lo deseas tambi\u00e9n puedes consultar nuestra <a href=\"\/politica-de-cookies\/\">Pol\u00edtica de Cookies<\/a><\/p>\n<p>[\/et_pb_text][\/et_pb_column][\/et_pb_row][\/et_pb_section]<\/p>\n","protected":false},"excerpt":{"rendered":"<p>[et_pb_section fb_built=&#8221;1&#8243; admin_label=&#8221;Header Section&#8221; _builder_version=&#8221;4.9.4&#8243; use_background_color_gradient=&#8221;on&#8221; background_color_gradient_start=&#8221;#e9f0f6&#8243; background_color_gradient_end=&#8221;rgba(233,240,246,0.2)&#8221; background_color_gradient_overlays_image=&#8221;on&#8221; background_image=&#8221;https:\/\/www.michelenaylecuona.com\/wp-content\/uploads\/2021\/06\/cabecera-textos-legales.jpg&#8221; custom_padding=&#8221;10%||20%|&#8221;][et_pb_row custom_padding_last_edited=&#8221;off|desktop&#8221; admin_label=&#8221;Header Row&#8221; _builder_version=&#8221;3.25&#8243; custom_margin=&#8221;|||&#8221; custom_padding=&#8221;|||&#8221; custom_padding_phone=&#8221;3vw|||&#8221;][et_pb_column type=&#8221;4_4&#8243; _builder_version=&#8221;3.25&#8243; custom_padding=&#8221;|||&#8221; custom_padding__hover=&#8221;|||&#8221;][et_pb_text admin_label=&#8221;Heading &#038; Subheading&#8221; _builder_version=&#8221;4.9.4&#8243; text_font=&#8221;Muli|600|||||||&#8221; text_font_size=&#8221;18px&#8221; text_line_height=&#8221;1.8em&#8221; header_font=&#8221;Muli|700|||||||&#8221; header_font_size=&#8221;65px&#8221; header_line_height=&#8221;1.4em&#8221; header_2_font=&#8221;||||||||&#8221; text_orientation=&#8221;center&#8221; max_width=&#8221;800px&#8221; max_width_last_edited=&#8221;off|desktop&#8221; module_alignment=&#8221;center&#8221; custom_margin=&#8221;|||&#8221; custom_padding=&#8221;|||&#8221; custom_padding_last_edited=&#8221;off|desktop&#8221; animation_style=&#8221;fade&#8221;] Pol\u00edtica de privacidad [\/et_pb_text][\/et_pb_column][\/et_pb_row][\/et_pb_section][et_pb_section fb_built=&#8221;1&#8243; admin_label=&#8221;Contact Section&#8221; _builder_version=&#8221;3.22&#8243; background_color=&#8221;#e9f0f6&#8243; custom_padding=&#8221;54px|0px|100px|0px&#8221;][et_pb_row _builder_version=&#8221;4.9.4&#8243; _module_preset=&#8221;default&#8221;][et_pb_column type=&#8221;4_4&#8243; _builder_version=&#8221;4.9.4&#8243; [&hellip;]<\/p>\n","protected":false},"author":1,"featured_media":0,"parent":0,"menu_order":0,"comment_status":"closed","ping_status":"closed","template":"","meta":{"_et_pb_use_builder":"on","_et_pb_old_content":"","_et_gb_content_width":"","_monsterinsights_skip_tracking":false,"_monsterinsights_sitenote_active":false,"_monsterinsights_sitenote_note":"","_monsterinsights_sitenote_category":0},"yoast_head":"<!-- This site is optimized with the Yoast SEO plugin v19.6.1 - https:\/\/yoast.com\/wordpress\/plugins\/seo\/ -->\n<title>Michelena y Lecuona | Gipuzkoan etxebizitzak sustatu, eraiki eta saltzen ditugu<\/title>\n<meta name=\"description\" content=\"Construcciones Michelena y Lecuona Sucesores, SL Errenterian (Gipuzkoa) kokatuta dagoen enpresa bat da, eta, batez ere, Gipuzkoan etxebizitzak sustatu, eraiki eta saltzen ditu.\" \/>\n<meta name=\"robots\" content=\"index, follow, max-snippet:-1, max-image-preview:large, max-video-preview:-1\" \/>\n<link rel=\"canonical\" href=\"https:\/\/www.michelenaylecuona.com\/eu\/pribatutasun-politika\/\" \/>\n<meta property=\"og:locale\" content=\"eu_ES\" \/>\n<meta property=\"og:type\" content=\"article\" \/>\n<meta property=\"og:title\" content=\"Michelena y Lecuona | Gipuzkoan etxebizitzak sustatu, eraiki eta saltzen ditugu\" \/>\n<meta property=\"og:description\" content=\"Construcciones Michelena y Lecuona Sucesores, SL Errenterian (Gipuzkoa) kokatuta dagoen enpresa bat da, eta, batez ere, Gipuzkoan etxebizitzak sustatu, eraiki eta saltzen ditu.\" \/>\n<meta property=\"og:url\" content=\"https:\/\/www.michelenaylecuona.com\/eu\/pribatutasun-politika\/\" \/>\n<meta property=\"og:site_name\" content=\"Michelena y Lecuona\" \/>\n<meta property=\"article:modified_time\" content=\"2021-09-01T07:01:39+00:00\" \/>\n<meta name=\"twitter:card\" content=\"summary_large_image\" \/>\n<meta name=\"twitter:label1\" content=\"Est. reading time\" \/>\n\t<meta name=\"twitter:data1\" content=\"8 minutes\" \/>\n<script type=\"application\/ld+json\" class=\"yoast-schema-graph\">{\"@context\":\"https:\/\/schema.org\",\"@graph\":[{\"@type\":\"WebPage\",\"@id\":\"https:\/\/www.michelenaylecuona.com\/eu\/pribatutasun-politika\/\",\"url\":\"https:\/\/www.michelenaylecuona.com\/eu\/pribatutasun-politika\/\",\"name\":\"Michelena y Lecuona | Gipuzkoan etxebizitzak sustatu, eraiki eta saltzen ditugu\",\"isPartOf\":{\"@id\":\"https:\/\/www.michelenaylecuona.com\/#website\"},\"datePublished\":\"2021-07-20T08:59:15+00:00\",\"dateModified\":\"2021-09-01T07:01:39+00:00\",\"description\":\"Construcciones Michelena y Lecuona Sucesores, SL Errenterian (Gipuzkoa) kokatuta dagoen enpresa bat da, eta, batez ere, Gipuzkoan etxebizitzak sustatu, eraiki eta saltzen ditu.\",\"breadcrumb\":{\"@id\":\"https:\/\/www.michelenaylecuona.com\/eu\/pribatutasun-politika\/#breadcrumb\"},\"inLanguage\":\"eu-ES\",\"potentialAction\":[{\"@type\":\"ReadAction\",\"target\":[\"https:\/\/www.michelenaylecuona.com\/eu\/pribatutasun-politika\/\"]}]},{\"@type\":\"BreadcrumbList\",\"@id\":\"https:\/\/www.michelenaylecuona.com\/eu\/pribatutasun-politika\/#breadcrumb\",\"itemListElement\":[{\"@type\":\"ListItem\",\"position\":1,\"name\":\"Portada\",\"item\":\"https:\/\/www.michelenaylecuona.com\/eu\/\"},{\"@type\":\"ListItem\",\"position\":2,\"name\":\"Pribatutasun-politika\"}]},{\"@type\":\"WebSite\",\"@id\":\"https:\/\/www.michelenaylecuona.com\/#website\",\"url\":\"https:\/\/www.michelenaylecuona.com\/\",\"name\":\"Michelena y Lecuona\",\"description\":\"Construcciones Michelena y Lecuona\",\"publisher\":{\"@id\":\"https:\/\/www.michelenaylecuona.com\/#organization\"},\"potentialAction\":[{\"@type\":\"SearchAction\",\"target\":{\"@type\":\"EntryPoint\",\"urlTemplate\":\"https:\/\/www.michelenaylecuona.com\/?s={search_term_string}\"},\"query-input\":\"required name=search_term_string\"}],\"inLanguage\":\"eu-ES\"},{\"@type\":\"Organization\",\"@id\":\"https:\/\/www.michelenaylecuona.com\/#organization\",\"name\":\"Construcciones Michelena y Lecuona Sucesores, SL\",\"url\":\"https:\/\/www.michelenaylecuona.com\/\",\"sameAs\":[],\"logo\":{\"@type\":\"ImageObject\",\"inLanguage\":\"eu-ES\",\"@id\":\"https:\/\/www.michelenaylecuona.com\/#\/schema\/logo\/image\/\",\"url\":\"https:\/\/www.michelenaylecuona.com\/wp-content\/uploads\/2021\/06\/logo.jpg\",\"contentUrl\":\"https:\/\/www.michelenaylecuona.com\/wp-content\/uploads\/2021\/06\/logo.jpg\",\"width\":339,\"height\":156,\"caption\":\"Construcciones Michelena y Lecuona Sucesores, SL\"},\"image\":{\"@id\":\"https:\/\/www.michelenaylecuona.com\/#\/schema\/logo\/image\/\"}}]}<\/script>\n<!-- \/ Yoast SEO plugin. -->","yoast_head_json":{"title":"Michelena y Lecuona | Gipuzkoan etxebizitzak sustatu, eraiki eta saltzen ditugu","description":"Construcciones Michelena y Lecuona Sucesores, SL Errenterian (Gipuzkoa) kokatuta dagoen enpresa bat da, eta, batez ere, Gipuzkoan etxebizitzak sustatu, eraiki eta saltzen ditu.","robots":{"index":"index","follow":"follow","max-snippet":"max-snippet:-1","max-image-preview":"max-image-preview:large","max-video-preview":"max-video-preview:-1"},"canonical":"https:\/\/www.michelenaylecuona.com\/eu\/pribatutasun-politika\/","og_locale":"eu_ES","og_type":"article","og_title":"Michelena y Lecuona | Gipuzkoan etxebizitzak sustatu, eraiki eta saltzen ditugu","og_description":"Construcciones Michelena y Lecuona Sucesores, SL Errenterian (Gipuzkoa) kokatuta dagoen enpresa bat da, eta, batez ere, Gipuzkoan etxebizitzak sustatu, eraiki eta saltzen ditu.","og_url":"https:\/\/www.michelenaylecuona.com\/eu\/pribatutasun-politika\/","og_site_name":"Michelena y Lecuona","article_modified_time":"2021-09-01T07:01:39+00:00","twitter_card":"summary_large_image","twitter_misc":{"Est. reading time":"8 minutes"},"schema":{"@context":"https:\/\/schema.org","@graph":[{"@type":"WebPage","@id":"https:\/\/www.michelenaylecuona.com\/eu\/pribatutasun-politika\/","url":"https:\/\/www.michelenaylecuona.com\/eu\/pribatutasun-politika\/","name":"Michelena y Lecuona | Gipuzkoan etxebizitzak sustatu, eraiki eta saltzen ditugu","isPartOf":{"@id":"https:\/\/www.michelenaylecuona.com\/#website"},"datePublished":"2021-07-20T08:59:15+00:00","dateModified":"2021-09-01T07:01:39+00:00","description":"Construcciones Michelena y Lecuona Sucesores, SL Errenterian (Gipuzkoa) kokatuta dagoen enpresa bat da, eta, batez ere, Gipuzkoan etxebizitzak sustatu, eraiki eta saltzen ditu.","breadcrumb":{"@id":"https:\/\/www.michelenaylecuona.com\/eu\/pribatutasun-politika\/#breadcrumb"},"inLanguage":"eu-ES","potentialAction":[{"@type":"ReadAction","target":["https:\/\/www.michelenaylecuona.com\/eu\/pribatutasun-politika\/"]}]},{"@type":"BreadcrumbList","@id":"https:\/\/www.michelenaylecuona.com\/eu\/pribatutasun-politika\/#breadcrumb","itemListElement":[{"@type":"ListItem","position":1,"name":"Portada","item":"https:\/\/www.michelenaylecuona.com\/eu\/"},{"@type":"ListItem","position":2,"name":"Pribatutasun-politika"}]},{"@type":"WebSite","@id":"https:\/\/www.michelenaylecuona.com\/#website","url":"https:\/\/www.michelenaylecuona.com\/","name":"Michelena y Lecuona","description":"Construcciones Michelena y Lecuona","publisher":{"@id":"https:\/\/www.michelenaylecuona.com\/#organization"},"potentialAction":[{"@type":"SearchAction","target":{"@type":"EntryPoint","urlTemplate":"https:\/\/www.michelenaylecuona.com\/?s={search_term_string}"},"query-input":"required name=search_term_string"}],"inLanguage":"eu-ES"},{"@type":"Organization","@id":"https:\/\/www.michelenaylecuona.com\/#organization","name":"Construcciones Michelena y Lecuona Sucesores, SL","url":"https:\/\/www.michelenaylecuona.com\/","sameAs":[],"logo":{"@type":"ImageObject","inLanguage":"eu-ES","@id":"https:\/\/www.michelenaylecuona.com\/#\/schema\/logo\/image\/","url":"https:\/\/www.michelenaylecuona.com\/wp-content\/uploads\/2021\/06\/logo.jpg","contentUrl":"https:\/\/www.michelenaylecuona.com\/wp-content\/uploads\/2021\/06\/logo.jpg","width":339,"height":156,"caption":"Construcciones Michelena y Lecuona Sucesores, SL"},"image":{"@id":"https:\/\/www.michelenaylecuona.com\/#\/schema\/logo\/image\/"}}]}},"_links":{"self":[{"href":"https:\/\/www.michelenaylecuona.com\/eu\/wp-json\/wp\/v2\/pages\/878"}],"collection":[{"href":"https:\/\/www.michelenaylecuona.com\/eu\/wp-json\/wp\/v2\/pages"}],"about":[{"href":"https:\/\/www.michelenaylecuona.com\/eu\/wp-json\/wp\/v2\/types\/page"}],"author":[{"embeddable":true,"href":"https:\/\/www.michelenaylecuona.com\/eu\/wp-json\/wp\/v2\/users\/1"}],"replies":[{"embeddable":true,"href":"https:\/\/www.michelenaylecuona.com\/eu\/wp-json\/wp\/v2\/comments?post=878"}],"version-history":[{"count":3,"href":"https:\/\/www.michelenaylecuona.com\/eu\/wp-json\/wp\/v2\/pages\/878\/revisions"}],"predecessor-version":[{"id":1094,"href":"https:\/\/www.michelenaylecuona.com\/eu\/wp-json\/wp\/v2\/pages\/878\/revisions\/1094"}],"wp:attachment":[{"href":"https:\/\/www.michelenaylecuona.com\/eu\/wp-json\/wp\/v2\/media?parent=878"}],"curies":[{"name":"wp","href":"https:\/\/api.w.org\/{rel}","templated":true}]}}