{"id":915,"date":"2021-07-20T12:17:53","date_gmt":"2021-07-20T10:17:53","guid":{"rendered":"https:\/\/www.michelenaylecuona.com\/?page_id=915"},"modified":"2025-02-13T18:37:28","modified_gmt":"2025-02-13T17:37:28","slug":"kalitateko-eta-laneko-segurtasun-eta-osasuneko-politika-integratua","status":"publish","type":"page","link":"https:\/\/www.michelenaylecuona.com\/eu\/kalitateko-eta-laneko-segurtasun-eta-osasuneko-politika-integratua\/","title":{"rendered":"Kalitateko eta laneko segurtasun eta osasuneko politika integratua"},"content":{"rendered":"<p>[et_pb_section fb_built=&#8221;1&#8243; admin_label=&#8221;Header Section&#8221; _builder_version=&#8221;4.9.4&#8243; use_background_color_gradient=&#8221;on&#8221; background_color_gradient_start=&#8221;#e9f0f6&#8243; background_color_gradient_end=&#8221;rgba(233,240,246,0.2)&#8221; background_color_gradient_overlays_image=&#8221;on&#8221; background_image=&#8221;https:\/\/www.michelenaylecuona.com\/wp-content\/uploads\/2021\/06\/cabecera-textos-legales.jpg&#8221; custom_padding=&#8221;10%||20%|&#8221;][et_pb_row custom_padding_last_edited=&#8221;off|desktop&#8221; admin_label=&#8221;Header Row&#8221; _builder_version=&#8221;3.25&#8243; custom_margin=&#8221;|||&#8221; custom_padding=&#8221;|||&#8221; custom_padding_phone=&#8221;3vw|||&#8221;][et_pb_column type=&#8221;4_4&#8243; _builder_version=&#8221;3.25&#8243; custom_padding=&#8221;|||&#8221; custom_padding__hover=&#8221;|||&#8221;][et_pb_text admin_label=&#8221;Heading &#038; Subheading&#8221; _builder_version=&#8221;4.9.4&#8243; text_font=&#8221;Muli|600|||||||&#8221; text_font_size=&#8221;18px&#8221; text_line_height=&#8221;1.8em&#8221; header_font=&#8221;Muli|700|||||||&#8221; header_font_size=&#8221;65px&#8221; header_line_height=&#8221;1.4em&#8221; header_2_font=&#8221;||||||||&#8221; text_orientation=&#8221;center&#8221; max_width=&#8221;800px&#8221; max_width_last_edited=&#8221;off|desktop&#8221; module_alignment=&#8221;center&#8221; custom_margin=&#8221;|||&#8221; custom_padding=&#8221;|||&#8221; custom_padding_last_edited=&#8221;off|desktop&#8221; animation_style=&#8221;fade&#8221;]<\/p>\n<h1>Pol\u00edtica de Gesti\u00f3n Integrada de Calidad, Medio Ambiente y de Seguridad y Salud en el Trabajo<\/h1>\n<p>[\/et_pb_text][\/et_pb_column][\/et_pb_row][\/et_pb_section][et_pb_section fb_built=&#8221;1&#8243; admin_label=&#8221;Contact Section&#8221; _builder_version=&#8221;3.22&#8243; background_color=&#8221;#e9f0f6&#8243; custom_padding=&#8221;54px|0px|100px|0px&#8221;][et_pb_row _builder_version=&#8221;4.9.4&#8243; _module_preset=&#8221;default&#8221;][et_pb_column type=&#8221;4_4&#8243; _builder_version=&#8221;4.9.4&#8243; _module_preset=&#8221;default&#8221;][et_pb_text ul_position=&#8221;inside&#8221; _builder_version=&#8221;4.9.4&#8243; _module_preset=&#8221;default&#8221; text_font_size=&#8221;16px&#8221; text_line_height=&#8221;1.8em&#8221; ul_line_height=&#8221;1.8em&#8221; header_3_font=&#8221;|600|||||||&#8221; header_3_font_size=&#8221;25px&#8221; header_3_line_height=&#8221;1.4em&#8221; text_orientation=&#8221;justified&#8221; custom_margin=&#8221;||||false|false&#8221;]<\/p>\n<p><span>La Gerencia de Construcciones Michelena y Lecuona Sucesores, S.L. declara que procede a integrar la Gesti\u00f3n de la Calidad, la Gesti\u00f3n Ambiental y la Gesti\u00f3n de la Seguridad y Salud en el Trabajo en la organizaci\u00f3n de la empresa y asume los siguientes compromisos:<\/span><br \/><span>\u2022 Es Pol\u00edtica Estrat\u00e9gica de la organizaci\u00f3n, la construcci\u00f3n de nuevas edificaciones y urbanizaciones, reformas de interior\/exterior cumpliendo todas las obligaciones legales y reglamentarias y otras de tipo organizativo, con el fin de satisfacer las expectativas de los Clientes.<\/span><br \/><span>\u2022 La Calidad, Medio Ambiente y la Seguridad y Salud en el Trabajo son, en primer lugar responsabilidad de la Gerencia, pero requieren de la participaci\u00f3n y la implicaci\u00f3n de las personas, con el objetivo com\u00fan de reducir las no conformidades, los riesgos de impactos, incidentes accidentes, da\u00f1os, deterioro de la salud y enfermedades profesionales en el marco de un proceso de mejora continua.<\/span><br \/><span>\u2022 Ponemos a disposici\u00f3n de todas las personas los medios y recursos necesarios para la realizaci\u00f3n de las tareas en base a requisitos de Calidad, Medio Ambiente y en condiciones de total Seguridad.<\/span><br \/><span>\u2022 La Gerencia lidera y el personal debe implicarse en el objetivo de implantar y desarrollar un Sistema de Gesti\u00f3n Integrado basado en el an\u00e1lisis y la prevenci\u00f3n en la Seguridad y Salud en el Trabajo, en la Calidad y el Medio Ambiente y utiliza la formaci\u00f3n para aumentar las competencias de las personas, en particular en materia de conocimiento de las instalaciones, de los procesos y procedimientos asociados.<\/span><br \/><span>\u2022 Integramos criterios de Calidad seg\u00fan la Norma ISO 9001:2015, Medio Ambiente seg\u00fan la Norma ISO 14001:2015 y Seguridad y Salud en el Trabajo seg\u00fan la Norma ISO 45001:2018 en la planificaci\u00f3n de nuevos procesos y en la modificaci\u00f3n de los existentes.<\/span><br \/><span>\u2022 Esta Pol\u00edtica proporciona un marco de referencia para el establecimiento y revisi\u00f3n de objetivos de la empresa y ser\u00e1 revisada de forma anual en la Revisi\u00f3n por la Direcci\u00f3n.<\/span><br \/><span>\u2022 La Pol\u00edtica es difundida por la Gerencia a toda la organizaci\u00f3n mediante el uso de medios adecuados de difusi\u00f3n con el af\u00e1n de que sea extendida y asumida por todo el personal.<\/span><\/p>\n<ul><\/ul>\n<p>[\/et_pb_text][\/et_pb_column][\/et_pb_row][\/et_pb_section]<\/p>\n","protected":false},"excerpt":{"rendered":"<p>[et_pb_section fb_built=&#8221;1&#8243; admin_label=&#8221;Header Section&#8221; _builder_version=&#8221;4.9.4&#8243; use_background_color_gradient=&#8221;on&#8221; background_color_gradient_start=&#8221;#e9f0f6&#8243; background_color_gradient_end=&#8221;rgba(233,240,246,0.2)&#8221; background_color_gradient_overlays_image=&#8221;on&#8221; background_image=&#8221;https:\/\/www.michelenaylecuona.com\/wp-content\/uploads\/2021\/06\/cabecera-textos-legales.jpg&#8221; custom_padding=&#8221;10%||20%|&#8221;][et_pb_row custom_padding_last_edited=&#8221;off|desktop&#8221; admin_label=&#8221;Header Row&#8221; _builder_version=&#8221;3.25&#8243; custom_margin=&#8221;|||&#8221; custom_padding=&#8221;|||&#8221; custom_padding_phone=&#8221;3vw|||&#8221;][et_pb_column type=&#8221;4_4&#8243; _builder_version=&#8221;3.25&#8243; custom_padding=&#8221;|||&#8221; custom_padding__hover=&#8221;|||&#8221;][et_pb_text admin_label=&#8221;Heading &#038; Subheading&#8221; _builder_version=&#8221;4.9.4&#8243; text_font=&#8221;Muli|600|||||||&#8221; text_font_size=&#8221;18px&#8221; text_line_height=&#8221;1.8em&#8221; header_font=&#8221;Muli|700|||||||&#8221; header_font_size=&#8221;65px&#8221; header_line_height=&#8221;1.4em&#8221; header_2_font=&#8221;||||||||&#8221; text_orientation=&#8221;center&#8221; max_width=&#8221;800px&#8221; max_width_last_edited=&#8221;off|desktop&#8221; module_alignment=&#8221;center&#8221; custom_margin=&#8221;|||&#8221; custom_padding=&#8221;|||&#8221; custom_padding_last_edited=&#8221;off|desktop&#8221; animation_style=&#8221;fade&#8221;] Pol\u00edtica de Gesti\u00f3n Integrada de Calidad, Medio Ambiente y de Seguridad y Salud en [&hellip;]<\/p>\n","protected":false},"author":1,"featured_media":0,"parent":0,"menu_order":0,"comment_status":"closed","ping_status":"closed","template":"","meta":{"_et_pb_use_builder":"on","_et_pb_old_content":"","_et_gb_content_width":"","_monsterinsights_skip_tracking":false,"_monsterinsights_sitenote_active":false,"_monsterinsights_sitenote_note":"","_monsterinsights_sitenote_category":0},"yoast_head":"<!-- This site is optimized with the Yoast SEO plugin v19.6.1 - https:\/\/yoast.com\/wordpress\/plugins\/seo\/ -->\n<title>Michelena y Lecuona | Segurtasun politikak<\/title>\n<meta name=\"description\" content=\"Kalitatearen Kudeaketa da oinarri nagusietako bat. Gainera, prebentzioaren kultura sortzen eta zabaltzen kontzientziatuta gaude.\" \/>\n<meta name=\"robots\" content=\"index, follow, max-snippet:-1, max-image-preview:large, max-video-preview:-1\" \/>\n<link rel=\"canonical\" href=\"https:\/\/www.michelenaylecuona.com\/eu\/kalitateko-eta-laneko-segurtasun-eta-osasuneko-politika-integratua\/\" \/>\n<meta property=\"og:locale\" content=\"eu_ES\" \/>\n<meta property=\"og:type\" content=\"article\" \/>\n<meta property=\"og:title\" content=\"Michelena y Lecuona | Segurtasun politikak\" \/>\n<meta property=\"og:description\" content=\"Kalitatearen Kudeaketa da oinarri nagusietako bat. Gainera, prebentzioaren kultura sortzen eta zabaltzen kontzientziatuta gaude.\" \/>\n<meta property=\"og:url\" content=\"https:\/\/www.michelenaylecuona.com\/eu\/kalitateko-eta-laneko-segurtasun-eta-osasuneko-politika-integratua\/\" \/>\n<meta property=\"og:site_name\" content=\"Michelena y Lecuona\" \/>\n<meta property=\"article:modified_time\" content=\"2025-02-13T17:37:28+00:00\" \/>\n<meta name=\"twitter:card\" content=\"summary_large_image\" \/>\n<meta name=\"twitter:label1\" content=\"Est. reading time\" \/>\n\t<meta name=\"twitter:data1\" content=\"3 minutes\" \/>\n<script type=\"application\/ld+json\" class=\"yoast-schema-graph\">{\"@context\":\"https:\/\/schema.org\",\"@graph\":[{\"@type\":\"WebPage\",\"@id\":\"https:\/\/www.michelenaylecuona.com\/eu\/kalitateko-eta-laneko-segurtasun-eta-osasuneko-politika-integratua\/\",\"url\":\"https:\/\/www.michelenaylecuona.com\/eu\/kalitateko-eta-laneko-segurtasun-eta-osasuneko-politika-integratua\/\",\"name\":\"Michelena y Lecuona | Segurtasun politikak\",\"isPartOf\":{\"@id\":\"https:\/\/www.michelenaylecuona.com\/#website\"},\"datePublished\":\"2021-07-20T10:17:53+00:00\",\"dateModified\":\"2025-02-13T17:37:28+00:00\",\"description\":\"Kalitatearen Kudeaketa da oinarri nagusietako bat. Gainera, prebentzioaren kultura sortzen eta zabaltzen kontzientziatuta gaude.\",\"breadcrumb\":{\"@id\":\"https:\/\/www.michelenaylecuona.com\/eu\/kalitateko-eta-laneko-segurtasun-eta-osasuneko-politika-integratua\/#breadcrumb\"},\"inLanguage\":\"eu-ES\",\"potentialAction\":[{\"@type\":\"ReadAction\",\"target\":[\"https:\/\/www.michelenaylecuona.com\/eu\/kalitateko-eta-laneko-segurtasun-eta-osasuneko-politika-integratua\/\"]}]},{\"@type\":\"BreadcrumbList\",\"@id\":\"https:\/\/www.michelenaylecuona.com\/eu\/kalitateko-eta-laneko-segurtasun-eta-osasuneko-politika-integratua\/#breadcrumb\",\"itemListElement\":[{\"@type\":\"ListItem\",\"position\":1,\"name\":\"Portada\",\"item\":\"https:\/\/www.michelenaylecuona.com\/eu\/\"},{\"@type\":\"ListItem\",\"position\":2,\"name\":\"Kalitateko eta laneko segurtasun eta osasuneko politika integratua\"}]},{\"@type\":\"WebSite\",\"@id\":\"https:\/\/www.michelenaylecuona.com\/#website\",\"url\":\"https:\/\/www.michelenaylecuona.com\/\",\"name\":\"Michelena y Lecuona\",\"description\":\"Construcciones Michelena y Lecuona\",\"publisher\":{\"@id\":\"https:\/\/www.michelenaylecuona.com\/#organization\"},\"potentialAction\":[{\"@type\":\"SearchAction\",\"target\":{\"@type\":\"EntryPoint\",\"urlTemplate\":\"https:\/\/www.michelenaylecuona.com\/?s={search_term_string}\"},\"query-input\":\"required name=search_term_string\"}],\"inLanguage\":\"eu-ES\"},{\"@type\":\"Organization\",\"@id\":\"https:\/\/www.michelenaylecuona.com\/#organization\",\"name\":\"Construcciones Michelena y Lecuona Sucesores, SL\",\"url\":\"https:\/\/www.michelenaylecuona.com\/\",\"sameAs\":[],\"logo\":{\"@type\":\"ImageObject\",\"inLanguage\":\"eu-ES\",\"@id\":\"https:\/\/www.michelenaylecuona.com\/#\/schema\/logo\/image\/\",\"url\":\"https:\/\/www.michelenaylecuona.com\/wp-content\/uploads\/2021\/06\/logo.jpg\",\"contentUrl\":\"https:\/\/www.michelenaylecuona.com\/wp-content\/uploads\/2021\/06\/logo.jpg\",\"width\":339,\"height\":156,\"caption\":\"Construcciones Michelena y Lecuona Sucesores, SL\"},\"image\":{\"@id\":\"https:\/\/www.michelenaylecuona.com\/#\/schema\/logo\/image\/\"}}]}<\/script>\n<!-- \/ Yoast SEO plugin. -->","yoast_head_json":{"title":"Michelena y Lecuona | Segurtasun politikak","description":"Kalitatearen Kudeaketa da oinarri nagusietako bat. Gainera, prebentzioaren kultura sortzen eta zabaltzen kontzientziatuta gaude.","robots":{"index":"index","follow":"follow","max-snippet":"max-snippet:-1","max-image-preview":"max-image-preview:large","max-video-preview":"max-video-preview:-1"},"canonical":"https:\/\/www.michelenaylecuona.com\/eu\/kalitateko-eta-laneko-segurtasun-eta-osasuneko-politika-integratua\/","og_locale":"eu_ES","og_type":"article","og_title":"Michelena y Lecuona | Segurtasun politikak","og_description":"Kalitatearen Kudeaketa da oinarri nagusietako bat. Gainera, prebentzioaren kultura sortzen eta zabaltzen kontzientziatuta gaude.","og_url":"https:\/\/www.michelenaylecuona.com\/eu\/kalitateko-eta-laneko-segurtasun-eta-osasuneko-politika-integratua\/","og_site_name":"Michelena y Lecuona","article_modified_time":"2025-02-13T17:37:28+00:00","twitter_card":"summary_large_image","twitter_misc":{"Est. reading time":"3 minutes"},"schema":{"@context":"https:\/\/schema.org","@graph":[{"@type":"WebPage","@id":"https:\/\/www.michelenaylecuona.com\/eu\/kalitateko-eta-laneko-segurtasun-eta-osasuneko-politika-integratua\/","url":"https:\/\/www.michelenaylecuona.com\/eu\/kalitateko-eta-laneko-segurtasun-eta-osasuneko-politika-integratua\/","name":"Michelena y Lecuona | Segurtasun politikak","isPartOf":{"@id":"https:\/\/www.michelenaylecuona.com\/#website"},"datePublished":"2021-07-20T10:17:53+00:00","dateModified":"2025-02-13T17:37:28+00:00","description":"Kalitatearen Kudeaketa da oinarri nagusietako bat. Gainera, prebentzioaren kultura sortzen eta zabaltzen kontzientziatuta gaude.","breadcrumb":{"@id":"https:\/\/www.michelenaylecuona.com\/eu\/kalitateko-eta-laneko-segurtasun-eta-osasuneko-politika-integratua\/#breadcrumb"},"inLanguage":"eu-ES","potentialAction":[{"@type":"ReadAction","target":["https:\/\/www.michelenaylecuona.com\/eu\/kalitateko-eta-laneko-segurtasun-eta-osasuneko-politika-integratua\/"]}]},{"@type":"BreadcrumbList","@id":"https:\/\/www.michelenaylecuona.com\/eu\/kalitateko-eta-laneko-segurtasun-eta-osasuneko-politika-integratua\/#breadcrumb","itemListElement":[{"@type":"ListItem","position":1,"name":"Portada","item":"https:\/\/www.michelenaylecuona.com\/eu\/"},{"@type":"ListItem","position":2,"name":"Kalitateko eta laneko segurtasun eta osasuneko politika integratua"}]},{"@type":"WebSite","@id":"https:\/\/www.michelenaylecuona.com\/#website","url":"https:\/\/www.michelenaylecuona.com\/","name":"Michelena y Lecuona","description":"Construcciones Michelena y Lecuona","publisher":{"@id":"https:\/\/www.michelenaylecuona.com\/#organization"},"potentialAction":[{"@type":"SearchAction","target":{"@type":"EntryPoint","urlTemplate":"https:\/\/www.michelenaylecuona.com\/?s={search_term_string}"},"query-input":"required name=search_term_string"}],"inLanguage":"eu-ES"},{"@type":"Organization","@id":"https:\/\/www.michelenaylecuona.com\/#organization","name":"Construcciones Michelena y Lecuona Sucesores, SL","url":"https:\/\/www.michelenaylecuona.com\/","sameAs":[],"logo":{"@type":"ImageObject","inLanguage":"eu-ES","@id":"https:\/\/www.michelenaylecuona.com\/#\/schema\/logo\/image\/","url":"https:\/\/www.michelenaylecuona.com\/wp-content\/uploads\/2021\/06\/logo.jpg","contentUrl":"https:\/\/www.michelenaylecuona.com\/wp-content\/uploads\/2021\/06\/logo.jpg","width":339,"height":156,"caption":"Construcciones Michelena y Lecuona Sucesores, SL"},"image":{"@id":"https:\/\/www.michelenaylecuona.com\/#\/schema\/logo\/image\/"}}]}},"_links":{"self":[{"href":"https:\/\/www.michelenaylecuona.com\/eu\/wp-json\/wp\/v2\/pages\/915"}],"collection":[{"href":"https:\/\/www.michelenaylecuona.com\/eu\/wp-json\/wp\/v2\/pages"}],"about":[{"href":"https:\/\/www.michelenaylecuona.com\/eu\/wp-json\/wp\/v2\/types\/page"}],"author":[{"embeddable":true,"href":"https:\/\/www.michelenaylecuona.com\/eu\/wp-json\/wp\/v2\/users\/1"}],"replies":[{"embeddable":true,"href":"https:\/\/www.michelenaylecuona.com\/eu\/wp-json\/wp\/v2\/comments?post=915"}],"version-history":[{"count":2,"href":"https:\/\/www.michelenaylecuona.com\/eu\/wp-json\/wp\/v2\/pages\/915\/revisions"}],"predecessor-version":[{"id":1561,"href":"https:\/\/www.michelenaylecuona.com\/eu\/wp-json\/wp\/v2\/pages\/915\/revisions\/1561"}],"wp:attachment":[{"href":"https:\/\/www.michelenaylecuona.com\/eu\/wp-json\/wp\/v2\/media?parent=915"}],"curies":[{"name":"wp","href":"https:\/\/api.w.org\/{rel}","templated":true}]}}