{"id":931,"date":"2021-07-20T12:27:52","date_gmt":"2021-07-20T10:27:52","guid":{"rendered":"https:\/\/www.michelenaylecuona.com\/?page_id=931"},"modified":"2022-02-01T10:22:12","modified_gmt":"2022-02-01T09:22:12","slug":"kontaktua","status":"publish","type":"page","link":"https:\/\/www.michelenaylecuona.com\/eu\/kontaktua\/","title":{"rendered":"Kontaktua"},"content":{"rendered":"<p>[et_pb_section fb_built=&#8221;1&#8243; admin_label=&#8221;Header Section&#8221; _builder_version=&#8221;4.9.4&#8243; use_background_color_gradient=&#8221;on&#8221; background_color_gradient_start=&#8221;#e9f0f6&#8243; background_color_gradient_end=&#8221;rgba(233,240,246,0.2)&#8221; background_color_gradient_overlays_image=&#8221;on&#8221; background_image=&#8221;https:\/\/www.michelenaylecuona.com\/wp-content\/uploads\/2021\/06\/cabecera-contacto.jpg&#8221; background_position=&#8221;bottom_center&#8221; custom_padding=&#8221;10%||20%|&#8221;][et_pb_row custom_padding_last_edited=&#8221;off|desktop&#8221; admin_label=&#8221;Header Row&#8221; _builder_version=&#8221;3.25&#8243; custom_margin=&#8221;|||&#8221; custom_padding=&#8221;|||&#8221; custom_padding_phone=&#8221;3vw|||&#8221;][et_pb_column type=&#8221;4_4&#8243; _builder_version=&#8221;3.25&#8243; custom_padding=&#8221;|||&#8221; custom_padding__hover=&#8221;|||&#8221;][et_pb_text admin_label=&#8221;Heading &#038; Subheading&#8221; _builder_version=&#8221;4.9.4&#8243; text_font=&#8221;Muli|600|||||||&#8221; text_font_size=&#8221;18px&#8221; text_line_height=&#8221;1.8em&#8221; header_font=&#8221;Muli|700|||||||&#8221; header_font_size=&#8221;65px&#8221; header_line_height=&#8221;1.4em&#8221; header_2_font=&#8221;||||||||&#8221; text_orientation=&#8221;center&#8221; max_width=&#8221;800px&#8221; max_width_last_edited=&#8221;off|desktop&#8221; module_alignment=&#8221;center&#8221; custom_margin=&#8221;|||&#8221; custom_padding=&#8221;|||&#8221; custom_padding_last_edited=&#8221;off|desktop&#8221; animation_style=&#8221;fade&#8221;]<\/p>\n<h1>Jar zaitez gurekin kontaktuan<\/h1>\n<p>Informa zaitez gure zerbitzuei buruz edo kontsulta itzazu gure promozioak.<\/p>\n<p>[\/et_pb_text][\/et_pb_column][\/et_pb_row][\/et_pb_section][et_pb_section fb_built=&#8221;1&#8243; admin_label=&#8221;Contact Section&#8221; _builder_version=&#8221;3.22&#8243; background_color=&#8221;#e9f0f6&#8243; custom_padding=&#8221;54px|0px|100px|0px&#8221;][et_pb_row column_structure=&#8221;1_3,2_3&#8243; admin_label=&#8221;Message Row&#8221; _builder_version=&#8221;3.25&#8243; custom_padding=&#8221;|||&#8221;][et_pb_column type=&#8221;1_3&#8243; _builder_version=&#8221;3.25&#8243; custom_padding=&#8221;|||&#8221; custom_padding__hover=&#8221;|||&#8221;][et_pb_text admin_label=&#8221;Title&#8221; _builder_version=&#8221;4.9.4&#8243; text_font=&#8221;Muli|600|||||||&#8221; text_text_color=&#8221;#737373&#8243; text_font_size=&#8221;18px&#8221; header_font=&#8221;||||||||&#8221; header_2_font=&#8221;Muli|700|||||||&#8221; header_2_text_align=&#8221;left&#8221; header_2_font_size=&#8221;50px&#8221; header_2_line_height=&#8221;1.4em&#8221; max_width_last_edited=&#8221;off|desktop&#8221; custom_margin=&#8221;|||&#8221; custom_padding=&#8221;|||&#8221; custom_padding_last_edited=&#8221;off|desktop&#8221; header_2_font_size_tablet=&#8221;&#8221; header_2_font_size_phone=&#8221;40px&#8221; header_2_font_size_last_edited=&#8221;on|phone&#8221;]<\/p>\n<h2>Bidali mezu bat<\/h2>\n<p>[\/et_pb_text][\/et_pb_column][et_pb_column type=&#8221;2_3&#8243; _builder_version=&#8221;3.25&#8243; custom_padding=&#8221;|||&#8221; custom_padding__hover=&#8221;|||&#8221;][et_pb_contact_form use_spam_service=&#8221;on&#8221; recaptcha_list=&#8221;CodeDonostia|CodeDonostia-0&#8243; email=&#8221;contacto@michelenaylecuona.com&#8221; custom_message=&#8221;Izena: %%Name%%||et_pb_line_break_holder||Helbide elektronikoa: %%Email%%||et_pb_line_break_holder||Gaia: %%Asunto%%||et_pb_line_break_holder||Telefonoa: %%Telefono%%||et_pb_line_break_holder||Mezua: %%Mensaje%%&#8221; success_message=&#8221;Mila esker, mezua bidali da.&#8221; submit_button_text=&#8221;Bidali&#8221; module_id=&#8221;et_pb_contact_form_0&#8243; _builder_version=&#8221;4.9.4&#8243; _module_preset=&#8221;default&#8221; form_field_background_color=&#8221;rgba(26,26,26,0.08)&#8221; form_field_text_color=&#8221;rgba(0,0,0,0.6)&#8221; title_font=&#8221;||||||||&#8221; form_field_font=&#8221;Muli|600|||||||&#8221; form_field_font_size=&#8221;16px&#8221; custom_button=&#8221;on&#8221; button_text_size=&#8221;16px&#8221; button_text_color=&#8221;#ffffff&#8221; button_bg_color=&#8221;#f4583f&#8221; button_border_width=&#8221;0px&#8221; button_border_color=&#8221;#f4583f&#8221; button_border_radius=&#8221;0px&#8221; button_font=&#8221;|700|||||||&#8221; button_use_icon=&#8221;off&#8221; button_custom_padding=&#8221;|30px||30px|false|true&#8221; hover_enabled=&#8221;0&#8243; locked=&#8221;off&#8221; button_bg_color__hover_enabled=&#8221;on|hover&#8221; button_bg_color__hover=&#8221;#1a1a1a&#8221; button_bg_enable_color__hover=&#8221;on&#8221; sticky_enabled=&#8221;0&#8243;][et_pb_contact_field field_id=&#8221;Name&#8221; field_title=&#8221;Izena&#8221; _builder_version=&#8221;4.9.4&#8243; button_text_size__hover_enabled=&#8221;off&#8221; button_one_text_size__hover_enabled=&#8221;off&#8221; button_two_text_size__hover_enabled=&#8221;off&#8221; button_text_color__hover_enabled=&#8221;off&#8221; button_one_text_color__hover_enabled=&#8221;off&#8221; button_two_text_color__hover_enabled=&#8221;off&#8221; button_border_width__hover_enabled=&#8221;off&#8221; button_one_border_width__hover_enabled=&#8221;off&#8221; button_two_border_width__hover_enabled=&#8221;off&#8221; button_border_color__hover_enabled=&#8221;off&#8221; button_one_border_color__hover_enabled=&#8221;off&#8221; button_two_border_color__hover_enabled=&#8221;off&#8221; button_border_radius__hover_enabled=&#8221;off&#8221; button_one_border_radius__hover_enabled=&#8221;off&#8221; button_two_border_radius__hover_enabled=&#8221;off&#8221; button_letter_spacing__hover_enabled=&#8221;off&#8221; button_one_letter_spacing__hover_enabled=&#8221;off&#8221; button_two_letter_spacing__hover_enabled=&#8221;off&#8221; button_bg_color__hover_enabled=&#8221;off&#8221; button_one_bg_color__hover_enabled=&#8221;off&#8221; button_two_bg_color__hover_enabled=&#8221;off&#8221;][\/et_pb_contact_field][et_pb_contact_field field_id=&#8221;Email&#8221; field_title=&#8221;Helbide elektronikoa&#8221; field_type=&#8221;email&#8221; _builder_version=&#8221;4.9.4&#8243; button_text_size__hover_enabled=&#8221;off&#8221; button_one_text_size__hover_enabled=&#8221;off&#8221; button_two_text_size__hover_enabled=&#8221;off&#8221; button_text_color__hover_enabled=&#8221;off&#8221; button_one_text_color__hover_enabled=&#8221;off&#8221; button_two_text_color__hover_enabled=&#8221;off&#8221; button_border_width__hover_enabled=&#8221;off&#8221; button_one_border_width__hover_enabled=&#8221;off&#8221; button_two_border_width__hover_enabled=&#8221;off&#8221; button_border_color__hover_enabled=&#8221;off&#8221; button_one_border_color__hover_enabled=&#8221;off&#8221; button_two_border_color__hover_enabled=&#8221;off&#8221; button_border_radius__hover_enabled=&#8221;off&#8221; button_one_border_radius__hover_enabled=&#8221;off&#8221; button_two_border_radius__hover_enabled=&#8221;off&#8221; button_letter_spacing__hover_enabled=&#8221;off&#8221; button_one_letter_spacing__hover_enabled=&#8221;off&#8221; button_two_letter_spacing__hover_enabled=&#8221;off&#8221; button_bg_color__hover_enabled=&#8221;off&#8221; button_one_bg_color__hover_enabled=&#8221;off&#8221; button_two_bg_color__hover_enabled=&#8221;off&#8221;][\/et_pb_contact_field][et_pb_contact_field field_id=&#8221;Asunto&#8221; field_title=&#8221;Gaia&#8221; _builder_version=&#8221;4.9.4&#8243; button_text_size__hover_enabled=&#8221;off&#8221; button_one_text_size__hover_enabled=&#8221;off&#8221; button_two_text_size__hover_enabled=&#8221;off&#8221; button_text_color__hover_enabled=&#8221;off&#8221; button_one_text_color__hover_enabled=&#8221;off&#8221; button_two_text_color__hover_enabled=&#8221;off&#8221; button_border_width__hover_enabled=&#8221;off&#8221; button_one_border_width__hover_enabled=&#8221;off&#8221; button_two_border_width__hover_enabled=&#8221;off&#8221; button_border_color__hover_enabled=&#8221;off&#8221; button_one_border_color__hover_enabled=&#8221;off&#8221; button_two_border_color__hover_enabled=&#8221;off&#8221; button_border_radius__hover_enabled=&#8221;off&#8221; button_one_border_radius__hover_enabled=&#8221;off&#8221; button_two_border_radius__hover_enabled=&#8221;off&#8221; button_letter_spacing__hover_enabled=&#8221;off&#8221; button_one_letter_spacing__hover_enabled=&#8221;off&#8221; button_two_letter_spacing__hover_enabled=&#8221;off&#8221; button_bg_color__hover_enabled=&#8221;off&#8221; button_one_bg_color__hover_enabled=&#8221;off&#8221; button_two_bg_color__hover_enabled=&#8221;off&#8221;][\/et_pb_contact_field][et_pb_contact_field field_id=&#8221;Telefono&#8221; field_title=&#8221;Telefonoa&#8221; allowed_symbols=&#8221;alphanumeric&#8221; _builder_version=&#8221;4.9.4&#8243; button_text_size__hover_enabled=&#8221;off&#8221; button_one_text_size__hover_enabled=&#8221;off&#8221; button_two_text_size__hover_enabled=&#8221;off&#8221; button_text_color__hover_enabled=&#8221;off&#8221; button_one_text_color__hover_enabled=&#8221;off&#8221; button_two_text_color__hover_enabled=&#8221;off&#8221; button_border_width__hover_enabled=&#8221;off&#8221; button_one_border_width__hover_enabled=&#8221;off&#8221; button_two_border_width__hover_enabled=&#8221;off&#8221; button_border_color__hover_enabled=&#8221;off&#8221; button_one_border_color__hover_enabled=&#8221;off&#8221; button_two_border_color__hover_enabled=&#8221;off&#8221; button_border_radius__hover_enabled=&#8221;off&#8221; button_one_border_radius__hover_enabled=&#8221;off&#8221; button_two_border_radius__hover_enabled=&#8221;off&#8221; button_letter_spacing__hover_enabled=&#8221;off&#8221; button_one_letter_spacing__hover_enabled=&#8221;off&#8221; button_two_letter_spacing__hover_enabled=&#8221;off&#8221; button_bg_color__hover_enabled=&#8221;off&#8221; button_one_bg_color__hover_enabled=&#8221;off&#8221; button_two_bg_color__hover_enabled=&#8221;off&#8221;][\/et_pb_contact_field][et_pb_contact_field field_id=&#8221;Mensaje&#8221; field_title=&#8221;Mezua&#8221; field_type=&#8221;text&#8221; fullwidth_field=&#8221;on&#8221; _builder_version=&#8221;4.9.4&#8243; button_text_size__hover_enabled=&#8221;off&#8221; button_one_text_size__hover_enabled=&#8221;off&#8221; button_two_text_size__hover_enabled=&#8221;off&#8221; button_text_color__hover_enabled=&#8221;off&#8221; button_one_text_color__hover_enabled=&#8221;off&#8221; button_two_text_color__hover_enabled=&#8221;off&#8221; button_border_width__hover_enabled=&#8221;off&#8221; button_one_border_width__hover_enabled=&#8221;off&#8221; button_two_border_width__hover_enabled=&#8221;off&#8221; button_border_color__hover_enabled=&#8221;off&#8221; button_one_border_color__hover_enabled=&#8221;off&#8221; button_two_border_color__hover_enabled=&#8221;off&#8221; button_border_radius__hover_enabled=&#8221;off&#8221; button_one_border_radius__hover_enabled=&#8221;off&#8221; button_two_border_radius__hover_enabled=&#8221;off&#8221; button_letter_spacing__hover_enabled=&#8221;off&#8221; button_one_letter_spacing__hover_enabled=&#8221;off&#8221; button_two_letter_spacing__hover_enabled=&#8221;off&#8221; button_bg_color__hover_enabled=&#8221;off&#8221; button_one_bg_color__hover_enabled=&#8221;off&#8221; button_two_bg_color__hover_enabled=&#8221;off&#8221;][\/et_pb_contact_field][\/et_pb_contact_form][\/et_pb_column][\/et_pb_row][et_pb_row _builder_version=&#8221;4.9.4&#8243; _module_preset=&#8221;default&#8221;][et_pb_column type=&#8221;4_4&#8243; _builder_version=&#8221;4.9.4&#8243; _module_preset=&#8221;default&#8221;][et_pb_text _builder_version=&#8221;4.9.4&#8243; _module_preset=&#8221;default&#8221; text_orientation=&#8221;justified&#8221;]<\/p>\n<p>Los datos personales facilitados voluntariamente por usted, a trav\u00e9s del presente formulario web ser\u00e1n tratados, por Michelena y Lecuona sucesores S.L. como responsable del tratamiento, con la finalidad de atender su solicitud, consulta, queja o sugerencia, sin que se produzca comunicaciones o cesiones de datos y conservados durante los plazos necesarios para atender su solicitud. Puede usted ejercer los derechos de acceso, rectificaci\u00f3n o supresi\u00f3n de sus datos, dirigi\u00e9ndose a PLAZA DIPUTACI\u00d3N N\u00ba1 20100 RENTERIA (Guip\u00fazcoa), para m\u00e1s informaci\u00f3n al respecto, puede consultar nuestra <a href=\"\/politica-de-privacidad\/\">Pol\u00edtica de Privacidad<\/a>.<\/p>\n<p>[\/et_pb_text][\/et_pb_column][\/et_pb_row][\/et_pb_section][et_pb_section fb_built=&#8221;1&#8243; admin_label=&#8221;Map Section&#8221; _builder_version=&#8221;3.22&#8243; background_color=&#8221;#e9f0f6&#8243; custom_padding=&#8221;100px|0px|100px|0px&#8221;][et_pb_row admin_label=&#8221;Map Row&#8221; _builder_version=&#8221;3.25&#8243; custom_margin=&#8221;|||&#8221; custom_margin_last_edited=&#8221;off|desktop&#8221; custom_padding=&#8221;|||&#8221;][et_pb_column type=&#8221;4_4&#8243; _builder_version=&#8221;3.25&#8243; custom_padding=&#8221;|||&#8221; custom_padding__hover=&#8221;|||&#8221;][et_pb_text admin_label=&#8221;Title&#8221; _builder_version=&#8221;4.9.4&#8243; text_font=&#8221;Muli|600|||||||&#8221; text_font_size=&#8221;18px&#8221; text_line_height=&#8221;1.8em&#8221; header_font=&#8221;||||||||&#8221; header_2_font=&#8221;Muli|700|||||||&#8221; header_2_font_size=&#8221;50px&#8221; header_2_line_height=&#8221;1.4em&#8221; text_orientation=&#8221;center&#8221; max_width=&#8221;800px&#8221; max_width_last_edited=&#8221;off|desktop&#8221; module_alignment=&#8221;center&#8221; custom_margin=&#8221;|||&#8221; custom_padding=&#8221;|||&#8221; custom_padding_last_edited=&#8221;off|desktop&#8221; header_2_font_size_tablet=&#8221;&#8221; header_2_font_size_phone=&#8221;40px&#8221; header_2_font_size_last_edited=&#8221;on|phone&#8221;]<\/p>\n<h2>Bisita gaitzazu<\/h2>\n<p>Nahiago baduzu, pasa gure bulegotik.<\/p>\n<p>[\/et_pb_text][et_pb_map address=&#8221;Diputazio Plaza, 1, bajo, 20100 Errenteria, Gipuzkoa, Espa\u00f1a&#8221; zoom_level=&#8221;12&#8243; address_lat=&#8221;43.3150931&#8243; address_lng=&#8221;-1.9022766&#8243; _builder_version=&#8221;4.9.4&#8243; custom_margin=&#8221;60px|||&#8221;][et_pb_map_pin title=&#8221;Michelena y Lecuona&#8221; pin_address=&#8221;Diputazio Plaza, 1, 20100 Errenteria, Gipuzkoa, Espa\u00f1a&#8221; zoom_level=&#8221;20&#8243; pin_address_lat=&#8221;43.315070657125&#8243; pin_address_lng=&#8221;-1.902456308004&#8243; _builder_version=&#8221;4.9.4&#8243;][\/et_pb_map_pin][\/et_pb_map][\/et_pb_column][\/et_pb_row][\/et_pb_section]<\/p>\n","protected":false},"excerpt":{"rendered":"<p>[et_pb_section fb_built=&#8221;1&#8243; admin_label=&#8221;Header Section&#8221; _builder_version=&#8221;4.9.4&#8243; use_background_color_gradient=&#8221;on&#8221; background_color_gradient_start=&#8221;#e9f0f6&#8243; background_color_gradient_end=&#8221;rgba(233,240,246,0.2)&#8221; background_color_gradient_overlays_image=&#8221;on&#8221; background_image=&#8221;https:\/\/www.michelenaylecuona.com\/wp-content\/uploads\/2021\/06\/cabecera-contacto.jpg&#8221; background_position=&#8221;bottom_center&#8221; custom_padding=&#8221;10%||20%|&#8221;][et_pb_row custom_padding_last_edited=&#8221;off|desktop&#8221; admin_label=&#8221;Header Row&#8221; _builder_version=&#8221;3.25&#8243; custom_margin=&#8221;|||&#8221; custom_padding=&#8221;|||&#8221; custom_padding_phone=&#8221;3vw|||&#8221;][et_pb_column type=&#8221;4_4&#8243; _builder_version=&#8221;3.25&#8243; custom_padding=&#8221;|||&#8221; custom_padding__hover=&#8221;|||&#8221;][et_pb_text admin_label=&#8221;Heading &#038; Subheading&#8221; _builder_version=&#8221;4.9.4&#8243; text_font=&#8221;Muli|600|||||||&#8221; text_font_size=&#8221;18px&#8221; text_line_height=&#8221;1.8em&#8221; header_font=&#8221;Muli|700|||||||&#8221; header_font_size=&#8221;65px&#8221; header_line_height=&#8221;1.4em&#8221; header_2_font=&#8221;||||||||&#8221; text_orientation=&#8221;center&#8221; max_width=&#8221;800px&#8221; max_width_last_edited=&#8221;off|desktop&#8221; module_alignment=&#8221;center&#8221; custom_margin=&#8221;|||&#8221; custom_padding=&#8221;|||&#8221; custom_padding_last_edited=&#8221;off|desktop&#8221; animation_style=&#8221;fade&#8221;] Jar zaitez gurekin kontaktuan Informa zaitez gure zerbitzuei buruz edo kontsulta itzazu gure [&hellip;]<\/p>\n","protected":false},"author":1,"featured_media":0,"parent":0,"menu_order":0,"comment_status":"closed","ping_status":"closed","template":"","meta":{"_et_pb_use_builder":"on","_et_pb_old_content":"","_et_gb_content_width":"","_monsterinsights_skip_tracking":false,"_monsterinsights_sitenote_active":false,"_monsterinsights_sitenote_note":"","_monsterinsights_sitenote_category":0},"yoast_head":"<!-- This site is optimized with the Yoast SEO plugin v19.6.1 - https:\/\/yoast.com\/wordpress\/plugins\/seo\/ -->\n<title>Michelena y Lecuona | Kontaktua<\/title>\n<meta name=\"description\" content=\"Construcciones Michelena y Lecuona Sucesores, SL Errenterian (Gipuzkoa) kokatuta dagoen enpresa bat da, eta, batez ere, Gipuzkoan etxebizitzak sustatu, eraiki eta saltzen ditu.\" \/>\n<meta name=\"robots\" content=\"index, follow, max-snippet:-1, max-image-preview:large, max-video-preview:-1\" \/>\n<link rel=\"canonical\" href=\"https:\/\/www.michelenaylecuona.com\/eu\/kontaktua\/\" \/>\n<meta property=\"og:locale\" content=\"eu_ES\" \/>\n<meta property=\"og:type\" content=\"article\" \/>\n<meta property=\"og:title\" content=\"Michelena y Lecuona | Kontaktua\" \/>\n<meta property=\"og:description\" content=\"Construcciones Michelena y Lecuona Sucesores, SL Errenterian (Gipuzkoa) kokatuta dagoen enpresa bat da, eta, batez ere, Gipuzkoan etxebizitzak sustatu, eraiki eta saltzen ditu.\" \/>\n<meta property=\"og:url\" content=\"https:\/\/www.michelenaylecuona.com\/eu\/kontaktua\/\" \/>\n<meta property=\"og:site_name\" content=\"Michelena y Lecuona\" \/>\n<meta property=\"article:modified_time\" content=\"2022-02-01T09:22:12+00:00\" \/>\n<meta name=\"twitter:card\" content=\"summary_large_image\" \/>\n<meta name=\"twitter:label1\" content=\"Est. reading time\" \/>\n\t<meta name=\"twitter:data1\" content=\"8 minutes\" \/>\n<script type=\"application\/ld+json\" class=\"yoast-schema-graph\">{\"@context\":\"https:\/\/schema.org\",\"@graph\":[{\"@type\":\"WebPage\",\"@id\":\"https:\/\/www.michelenaylecuona.com\/eu\/kontaktua\/\",\"url\":\"https:\/\/www.michelenaylecuona.com\/eu\/kontaktua\/\",\"name\":\"Michelena y Lecuona | Kontaktua\",\"isPartOf\":{\"@id\":\"https:\/\/www.michelenaylecuona.com\/#website\"},\"datePublished\":\"2021-07-20T10:27:52+00:00\",\"dateModified\":\"2022-02-01T09:22:12+00:00\",\"description\":\"Construcciones Michelena y Lecuona Sucesores, SL Errenterian (Gipuzkoa) kokatuta dagoen enpresa bat da, eta, batez ere, Gipuzkoan etxebizitzak sustatu, eraiki eta saltzen ditu.\",\"breadcrumb\":{\"@id\":\"https:\/\/www.michelenaylecuona.com\/eu\/kontaktua\/#breadcrumb\"},\"inLanguage\":\"eu-ES\",\"potentialAction\":[{\"@type\":\"ReadAction\",\"target\":[\"https:\/\/www.michelenaylecuona.com\/eu\/kontaktua\/\"]}]},{\"@type\":\"BreadcrumbList\",\"@id\":\"https:\/\/www.michelenaylecuona.com\/eu\/kontaktua\/#breadcrumb\",\"itemListElement\":[{\"@type\":\"ListItem\",\"position\":1,\"name\":\"Portada\",\"item\":\"https:\/\/www.michelenaylecuona.com\/eu\/\"},{\"@type\":\"ListItem\",\"position\":2,\"name\":\"Kontaktua\"}]},{\"@type\":\"WebSite\",\"@id\":\"https:\/\/www.michelenaylecuona.com\/#website\",\"url\":\"https:\/\/www.michelenaylecuona.com\/\",\"name\":\"Michelena y Lecuona\",\"description\":\"Construcciones Michelena y Lecuona\",\"publisher\":{\"@id\":\"https:\/\/www.michelenaylecuona.com\/#organization\"},\"potentialAction\":[{\"@type\":\"SearchAction\",\"target\":{\"@type\":\"EntryPoint\",\"urlTemplate\":\"https:\/\/www.michelenaylecuona.com\/?s={search_term_string}\"},\"query-input\":\"required name=search_term_string\"}],\"inLanguage\":\"eu-ES\"},{\"@type\":\"Organization\",\"@id\":\"https:\/\/www.michelenaylecuona.com\/#organization\",\"name\":\"Construcciones Michelena y Lecuona Sucesores, SL\",\"url\":\"https:\/\/www.michelenaylecuona.com\/\",\"sameAs\":[],\"logo\":{\"@type\":\"ImageObject\",\"inLanguage\":\"eu-ES\",\"@id\":\"https:\/\/www.michelenaylecuona.com\/#\/schema\/logo\/image\/\",\"url\":\"https:\/\/www.michelenaylecuona.com\/wp-content\/uploads\/2021\/06\/logo.jpg\",\"contentUrl\":\"https:\/\/www.michelenaylecuona.com\/wp-content\/uploads\/2021\/06\/logo.jpg\",\"width\":339,\"height\":156,\"caption\":\"Construcciones Michelena y Lecuona Sucesores, SL\"},\"image\":{\"@id\":\"https:\/\/www.michelenaylecuona.com\/#\/schema\/logo\/image\/\"}}]}<\/script>\n<!-- \/ Yoast SEO plugin. -->","yoast_head_json":{"title":"Michelena y Lecuona | Kontaktua","description":"Construcciones Michelena y Lecuona Sucesores, SL Errenterian (Gipuzkoa) kokatuta dagoen enpresa bat da, eta, batez ere, Gipuzkoan etxebizitzak sustatu, eraiki eta saltzen ditu.","robots":{"index":"index","follow":"follow","max-snippet":"max-snippet:-1","max-image-preview":"max-image-preview:large","max-video-preview":"max-video-preview:-1"},"canonical":"https:\/\/www.michelenaylecuona.com\/eu\/kontaktua\/","og_locale":"eu_ES","og_type":"article","og_title":"Michelena y Lecuona | Kontaktua","og_description":"Construcciones Michelena y Lecuona Sucesores, SL Errenterian (Gipuzkoa) kokatuta dagoen enpresa bat da, eta, batez ere, Gipuzkoan etxebizitzak sustatu, eraiki eta saltzen ditu.","og_url":"https:\/\/www.michelenaylecuona.com\/eu\/kontaktua\/","og_site_name":"Michelena y Lecuona","article_modified_time":"2022-02-01T09:22:12+00:00","twitter_card":"summary_large_image","twitter_misc":{"Est. reading time":"8 minutes"},"schema":{"@context":"https:\/\/schema.org","@graph":[{"@type":"WebPage","@id":"https:\/\/www.michelenaylecuona.com\/eu\/kontaktua\/","url":"https:\/\/www.michelenaylecuona.com\/eu\/kontaktua\/","name":"Michelena y Lecuona | Kontaktua","isPartOf":{"@id":"https:\/\/www.michelenaylecuona.com\/#website"},"datePublished":"2021-07-20T10:27:52+00:00","dateModified":"2022-02-01T09:22:12+00:00","description":"Construcciones Michelena y Lecuona Sucesores, SL Errenterian (Gipuzkoa) kokatuta dagoen enpresa bat da, eta, batez ere, Gipuzkoan etxebizitzak sustatu, eraiki eta saltzen ditu.","breadcrumb":{"@id":"https:\/\/www.michelenaylecuona.com\/eu\/kontaktua\/#breadcrumb"},"inLanguage":"eu-ES","potentialAction":[{"@type":"ReadAction","target":["https:\/\/www.michelenaylecuona.com\/eu\/kontaktua\/"]}]},{"@type":"BreadcrumbList","@id":"https:\/\/www.michelenaylecuona.com\/eu\/kontaktua\/#breadcrumb","itemListElement":[{"@type":"ListItem","position":1,"name":"Portada","item":"https:\/\/www.michelenaylecuona.com\/eu\/"},{"@type":"ListItem","position":2,"name":"Kontaktua"}]},{"@type":"WebSite","@id":"https:\/\/www.michelenaylecuona.com\/#website","url":"https:\/\/www.michelenaylecuona.com\/","name":"Michelena y Lecuona","description":"Construcciones Michelena y Lecuona","publisher":{"@id":"https:\/\/www.michelenaylecuona.com\/#organization"},"potentialAction":[{"@type":"SearchAction","target":{"@type":"EntryPoint","urlTemplate":"https:\/\/www.michelenaylecuona.com\/?s={search_term_string}"},"query-input":"required name=search_term_string"}],"inLanguage":"eu-ES"},{"@type":"Organization","@id":"https:\/\/www.michelenaylecuona.com\/#organization","name":"Construcciones Michelena y Lecuona Sucesores, SL","url":"https:\/\/www.michelenaylecuona.com\/","sameAs":[],"logo":{"@type":"ImageObject","inLanguage":"eu-ES","@id":"https:\/\/www.michelenaylecuona.com\/#\/schema\/logo\/image\/","url":"https:\/\/www.michelenaylecuona.com\/wp-content\/uploads\/2021\/06\/logo.jpg","contentUrl":"https:\/\/www.michelenaylecuona.com\/wp-content\/uploads\/2021\/06\/logo.jpg","width":339,"height":156,"caption":"Construcciones Michelena y Lecuona Sucesores, SL"},"image":{"@id":"https:\/\/www.michelenaylecuona.com\/#\/schema\/logo\/image\/"}}]}},"_links":{"self":[{"href":"https:\/\/www.michelenaylecuona.com\/eu\/wp-json\/wp\/v2\/pages\/931"}],"collection":[{"href":"https:\/\/www.michelenaylecuona.com\/eu\/wp-json\/wp\/v2\/pages"}],"about":[{"href":"https:\/\/www.michelenaylecuona.com\/eu\/wp-json\/wp\/v2\/types\/page"}],"author":[{"embeddable":true,"href":"https:\/\/www.michelenaylecuona.com\/eu\/wp-json\/wp\/v2\/users\/1"}],"replies":[{"embeddable":true,"href":"https:\/\/www.michelenaylecuona.com\/eu\/wp-json\/wp\/v2\/comments?post=931"}],"version-history":[{"count":6,"href":"https:\/\/www.michelenaylecuona.com\/eu\/wp-json\/wp\/v2\/pages\/931\/revisions"}],"predecessor-version":[{"id":1262,"href":"https:\/\/www.michelenaylecuona.com\/eu\/wp-json\/wp\/v2\/pages\/931\/revisions\/1262"}],"wp:attachment":[{"href":"https:\/\/www.michelenaylecuona.com\/eu\/wp-json\/wp\/v2\/media?parent=931"}],"curies":[{"name":"wp","href":"https:\/\/api.w.org\/{rel}","templated":true}]}}